{"id":16,"date":"2025-07-29T09:58:14","date_gmt":"2025-07-29T09:58:14","guid":{"rendered":"https:\/\/jfnavas.rkinformatika.online\/?page_id=16"},"modified":"2025-07-30T07:11:50","modified_gmt":"2025-07-30T07:11:50","slug":"inicio","status":"publish","type":"page","link":"https:\/\/jfnavas.com\/en\/","title":{"rendered":"Home"},"content":{"rendered":"<div data-elementor-type=\"wp-page\" data-elementor-id=\"16\" class=\"elementor elementor-16\" data-elementor-post-type=\"page\">\n\t\t\t\t<div class=\"elementor-element elementor-element-a91874b e-con-full e-flex e-con e-parent\" data-id=\"a91874b\" data-element_type=\"container\" data-e-type=\"container\" data-settings=\"{&quot;background_background&quot;:&quot;classic&quot;}\">\n\t\t<div class=\"elementor-element elementor-element-a9b35e5 e-con-full e-flex e-con e-child\" data-id=\"a9b35e5\" data-element_type=\"container\" data-e-type=\"container\">\n\t\t\t\t<div class=\"elementor-element elementor-element-fdfec9f elementor-invisible elementor-widget elementor-widget-heading\" data-id=\"fdfec9f\" data-element_type=\"widget\" data-e-type=\"widget\" data-settings=\"{&quot;_animation&quot;:&quot;fadeInRight&quot;}\" data-widget_type=\"heading.default\">\n\t\t\t\t\t<h2 class=\"elementor-heading-title elementor-size-default\">TECHNICAL SUPPORT SERVICE<\/h2>\t\t\t\t<\/div>\n\t\t\t\t<\/div>\n\t\t\t\t<\/div>\n\t\t<div class=\"elementor-element elementor-element-9791aa0 e-flex e-con-boxed e-con e-parent\" data-id=\"9791aa0\" data-element_type=\"container\" data-e-type=\"container\">\n\t\t\t\t\t<div class=\"e-con-inner\">\n\t\t<div class=\"elementor-element elementor-element-839aa1b e-con-full e-flex e-con e-child\" data-id=\"839aa1b\" data-element_type=\"container\" data-e-type=\"container\">\n\t\t\t\t<div class=\"elementor-element elementor-element-4845bf7 elementor-widget elementor-widget-image\" data-id=\"4845bf7\" data-element_type=\"widget\" data-e-type=\"widget\" data-widget_type=\"image.default\">\n\t\t\t\t\t\t\t\t\t\t\t\t\t\t\t<img fetchpriority=\"high\" decoding=\"async\" width=\"800\" height=\"592\" src=\"https:\/\/jfnavas.com\/wp-content\/uploads\/2025\/07\/33-1024x758.jpg\" class=\"attachment-large size-large wp-image-129\" alt=\"\" srcset=\"https:\/\/jfnavas.com\/wp-content\/uploads\/2025\/07\/33-1024x758.jpg 1024w, https:\/\/jfnavas.com\/wp-content\/uploads\/2025\/07\/33-300x222.jpg 300w, https:\/\/jfnavas.com\/wp-content\/uploads\/2025\/07\/33-768x568.jpg 768w, https:\/\/jfnavas.com\/wp-content\/uploads\/2025\/07\/33-16x12.jpg 16w, https:\/\/jfnavas.com\/wp-content\/uploads\/2025\/07\/33.jpg 1500w\" sizes=\"(max-width: 800px) 100vw, 800px\" \/>\t\t\t\t\t\t\t\t\t\t\t\t\t\t\t<\/div>\n\t\t\t\t<\/div>\n\t\t<div class=\"elementor-element elementor-element-7cd3aad e-con-full e-flex e-con e-child\" data-id=\"7cd3aad\" data-element_type=\"container\" data-e-type=\"container\">\n\t\t\t\t<div class=\"elementor-element elementor-element-79b3f53 elementor-widget elementor-widget-heading\" data-id=\"79b3f53\" data-element_type=\"widget\" data-e-type=\"widget\" data-widget_type=\"heading.default\">\n\t\t\t\t\t<h2 class=\"elementor-heading-title elementor-size-default\">About us<\/h2>\t\t\t\t<\/div>\n\t\t\t\t<div class=\"elementor-element elementor-element-18ec9b2 elementor-widget elementor-widget-text-editor\" data-id=\"18ec9b2\" data-element_type=\"widget\" data-e-type=\"widget\" data-widget_type=\"text-editor.default\">\n\t\t\t\t\t\t\t\t\t<p data-start=\"174\" data-end=\"480\">J.F. NAVAS SATO is a company specialized in the repair and maintenance of gas and oil boilers, pellet stoves and boilers, electric water heaters, and heaters. Founded in 2005, we have a team of professionals with extensive experience and a strong commitment to service quality.<\/p><p data-start=\"482\" data-end=\"721\">We are the Official Technical Service for several well-known brands in the industry, which allows us to offer specialized care with original parts and full warranty.<\/p>\t\t\t\t\t\t\t\t<\/div>\n\t\t\t\t<\/div>\n\t\t\t\t\t<\/div>\n\t\t\t\t<\/div>\n\t\t<div class=\"elementor-element elementor-element-447046f e-flex e-con-boxed e-con e-parent\" data-id=\"447046f\" data-element_type=\"container\" data-e-type=\"container\">\n\t\t\t\t\t<div class=\"e-con-inner\">\n\t\t\t\t<div class=\"elementor-element elementor-element-9940ddc elementor-cta--skin-cover elementor-animated-content elementor-bg-transform elementor-bg-transform-zoom-in elementor-widget elementor-widget-call-to-action\" data-id=\"9940ddc\" data-element_type=\"widget\" data-e-type=\"widget\" data-widget_type=\"call-to-action.default\">\n\t\t\t\t\t\t\t<div class=\"elementor-cta\">\n\t\t\t\t\t<div class=\"elementor-cta__bg-wrapper\">\n\t\t\t\t<div class=\"elementor-cta__bg elementor-bg\" style=\"background-image: url(https:\/\/jfnavas.com\/wp-content\/uploads\/2025\/07\/2006-1024x715.jpg);\" role=\"img\" aria-label=\"2006\"><\/div>\n\t\t\t\t<div class=\"elementor-cta__bg-overlay\"><\/div>\n\t\t\t<\/div>\n\t\t\t\t\t\t\t<div class=\"elementor-cta__content\">\n\t\t\t\t\n\t\t\t\t\t\t\t\t\t<h2 class=\"elementor-cta__title elementor-cta__content-item elementor-content-item elementor-animated-item--grow\">\n\t\t\t\t\t\tTechnical service with official warranty\t\t\t\t\t<\/h2>\n\t\t\t\t\n\t\t\t\t\t\t\t\t\t<div class=\"elementor-cta__description elementor-cta__content-item elementor-content-item elementor-animated-item--grow\">\n\t\t\t\t\t\tProblems with your heater or electric water heater? Find out how we can help you.\t\t\t\t\t<\/div>\n\t\t\t\t\n\t\t\t\t\t\t\t\t\t<div class=\"elementor-cta__button-wrapper elementor-cta__content-item elementor-content-item elementor-animated-item--grow\">\n\t\t\t\t\t<a class=\"elementor-cta__button elementor-button elementor-size-\" href=\"https:\/\/jfnavas.com\/en\/servicios\/\">\n\t\t\t\t\t\tServices\t\t\t\t\t<\/a>\n\t\t\t\t\t<\/div>\n\t\t\t\t\t\t\t<\/div>\n\t\t\t\t\t\t<\/div>\n\t\t\t\t\t\t<\/div>\n\t\t\t\t\t<\/div>\n\t\t\t\t<\/div>\n\t\t\t\t<\/div>","protected":false},"excerpt":{"rendered":"<p>SERVICIO DE ASISTENCIA TECNICA Sobre nosotros J.F. NAVAS SATO es una empresa especializada en la reparaci\u00f3n y mantenimiento de calderas de gas y gas\u00f3leo, estufas y calderas de pellets, termos el\u00e9ctricos y calentadores. Fundada en 2005, contamos con un equipo de profesionales con amplia experiencia y compromiso con la calidad del servicio. Somos Servicio T\u00e9cnico [&hellip;]<\/p>\n","protected":false},"author":1,"featured_media":0,"parent":0,"menu_order":0,"comment_status":"closed","ping_status":"closed","template":"elementor_canvas","meta":{"footnotes":""},"class_list":["post-16","page","type-page","status-publish","hentry"],"yoast_head":"<!-- This site is optimized with the Yoast SEO plugin v27.3 - https:\/\/yoast.com\/product\/yoast-seo-wordpress\/ -->\n<title>Inicio - J.F. NAVAS SATO<\/title>\n<meta name=\"robots\" content=\"index, follow, max-snippet:-1, max-image-preview:large, max-video-preview:-1\" \/>\n<link rel=\"canonical\" href=\"https:\/\/jfnavas.com\/en\/\" \/>\n<meta property=\"og:locale\" content=\"en_GB\" \/>\n<meta property=\"og:type\" content=\"article\" \/>\n<meta property=\"og:title\" content=\"Inicio - J.F. NAVAS SATO\" \/>\n<meta property=\"og:description\" content=\"SERVICIO DE ASISTENCIA TECNICA Sobre nosotros J.F. NAVAS SATO es una empresa especializada en la reparaci\u00f3n y mantenimiento de calderas de gas y gas\u00f3leo, estufas y calderas de pellets, termos el\u00e9ctricos y calentadores. Fundada en 2005, contamos con un equipo de profesionales con amplia experiencia y compromiso con la calidad del servicio. Somos Servicio T\u00e9cnico [&hellip;]\" \/>\n<meta property=\"og:url\" content=\"https:\/\/jfnavas.com\/en\/\" \/>\n<meta property=\"og:site_name\" content=\"J.F. NAVAS SATO\" \/>\n<meta property=\"article:modified_time\" content=\"2025-07-30T07:11:50+00:00\" \/>\n<meta property=\"og:image\" content=\"https:\/\/jfnavas.com\/wp-content\/uploads\/2025\/07\/33.jpg\" \/>\n\t<meta property=\"og:image:width\" content=\"1500\" \/>\n\t<meta property=\"og:image:height\" content=\"1110\" \/>\n\t<meta property=\"og:image:type\" content=\"image\/jpeg\" \/>\n<meta name=\"twitter:card\" content=\"summary_large_image\" \/>\n<meta name=\"twitter:label1\" content=\"Estimated reading time\" \/>\n\t<meta name=\"twitter:data1\" content=\"1 minute\" \/>\n<script type=\"application\/ld+json\" class=\"yoast-schema-graph\">{\"@context\":\"https:\\\/\\\/schema.org\",\"@graph\":[{\"@type\":\"WebPage\",\"@id\":\"https:\\\/\\\/jfnavas.com\\\/\",\"url\":\"https:\\\/\\\/jfnavas.com\\\/\",\"name\":\"Inicio - J.F. NAVAS SATO\",\"isPartOf\":{\"@id\":\"https:\\\/\\\/jfnavas.com\\\/#website\"},\"primaryImageOfPage\":{\"@id\":\"https:\\\/\\\/jfnavas.com\\\/#primaryimage\"},\"image\":{\"@id\":\"https:\\\/\\\/jfnavas.com\\\/#primaryimage\"},\"thumbnailUrl\":\"https:\\\/\\\/jfnavas.com\\\/wp-content\\\/uploads\\\/2025\\\/07\\\/33-1024x758.jpg\",\"datePublished\":\"2025-07-29T09:58:14+00:00\",\"dateModified\":\"2025-07-30T07:11:50+00:00\",\"breadcrumb\":{\"@id\":\"https:\\\/\\\/jfnavas.com\\\/#breadcrumb\"},\"inLanguage\":\"en-GB\",\"potentialAction\":[{\"@type\":\"ReadAction\",\"target\":[\"https:\\\/\\\/jfnavas.com\\\/\"]}]},{\"@type\":\"ImageObject\",\"inLanguage\":\"en-GB\",\"@id\":\"https:\\\/\\\/jfnavas.com\\\/#primaryimage\",\"url\":\"https:\\\/\\\/jfnavas.com\\\/wp-content\\\/uploads\\\/2025\\\/07\\\/33-1024x758.jpg\",\"contentUrl\":\"https:\\\/\\\/jfnavas.com\\\/wp-content\\\/uploads\\\/2025\\\/07\\\/33-1024x758.jpg\"},{\"@type\":\"BreadcrumbList\",\"@id\":\"https:\\\/\\\/jfnavas.com\\\/#breadcrumb\",\"itemListElement\":[{\"@type\":\"ListItem\",\"position\":1,\"name\":\"Portada\",\"item\":\"https:\\\/\\\/jfnavas.com\\\/\"},{\"@type\":\"ListItem\",\"position\":2,\"name\":\"Inicio\"}]},{\"@type\":\"WebSite\",\"@id\":\"https:\\\/\\\/jfnavas.com\\\/#website\",\"url\":\"https:\\\/\\\/jfnavas.com\\\/\",\"name\":\"J.F. NAVAS SATO\",\"description\":\"SERVICIO TECNICO OFICIAL DE VARIAS MARCAS DE CALDERAS\",\"publisher\":{\"@id\":\"https:\\\/\\\/jfnavas.com\\\/#organization\"},\"potentialAction\":[{\"@type\":\"SearchAction\",\"target\":{\"@type\":\"EntryPoint\",\"urlTemplate\":\"https:\\\/\\\/jfnavas.com\\\/?s={search_term_string}\"},\"query-input\":{\"@type\":\"PropertyValueSpecification\",\"valueRequired\":true,\"valueName\":\"search_term_string\"}}],\"inLanguage\":\"en-GB\"},{\"@type\":\"Organization\",\"@id\":\"https:\\\/\\\/jfnavas.com\\\/#organization\",\"name\":\"J.F. NAVAS SATO\",\"url\":\"https:\\\/\\\/jfnavas.com\\\/\",\"logo\":{\"@type\":\"ImageObject\",\"inLanguage\":\"en-GB\",\"@id\":\"https:\\\/\\\/jfnavas.com\\\/#\\\/schema\\\/logo\\\/image\\\/\",\"url\":\"https:\\\/\\\/jfnavas.com\\\/wp-content\\\/uploads\\\/2025\\\/07\\\/cropped-Amaya-Castresana-1.png\",\"contentUrl\":\"https:\\\/\\\/jfnavas.com\\\/wp-content\\\/uploads\\\/2025\\\/07\\\/cropped-Amaya-Castresana-1.png\",\"width\":378,\"height\":100,\"caption\":\"J.F. NAVAS SATO\"},\"image\":{\"@id\":\"https:\\\/\\\/jfnavas.com\\\/#\\\/schema\\\/logo\\\/image\\\/\"}}]}<\/script>\n<!-- \/ Yoast SEO plugin. -->","yoast_head_json":{"title":"Inicio - J.F. NAVAS SATO","robots":{"index":"index","follow":"follow","max-snippet":"max-snippet:-1","max-image-preview":"max-image-preview:large","max-video-preview":"max-video-preview:-1"},"canonical":"https:\/\/jfnavas.com\/en\/","og_locale":"en_GB","og_type":"article","og_title":"Inicio - J.F. NAVAS SATO","og_description":"SERVICIO DE ASISTENCIA TECNICA Sobre nosotros J.F. NAVAS SATO es una empresa especializada en la reparaci\u00f3n y mantenimiento de calderas de gas y gas\u00f3leo, estufas y calderas de pellets, termos el\u00e9ctricos y calentadores. Fundada en 2005, contamos con un equipo de profesionales con amplia experiencia y compromiso con la calidad del servicio. Somos Servicio T\u00e9cnico [&hellip;]","og_url":"https:\/\/jfnavas.com\/en\/","og_site_name":"J.F. NAVAS SATO","article_modified_time":"2025-07-30T07:11:50+00:00","og_image":[{"width":1500,"height":1110,"url":"https:\/\/jfnavas.com\/wp-content\/uploads\/2025\/07\/33.jpg","type":"image\/jpeg"}],"twitter_card":"summary_large_image","twitter_misc":{"Estimated reading time":"1 minute"},"schema":{"@context":"https:\/\/schema.org","@graph":[{"@type":"WebPage","@id":"https:\/\/jfnavas.com\/","url":"https:\/\/jfnavas.com\/","name":"Inicio - J.F. NAVAS SATO","isPartOf":{"@id":"https:\/\/jfnavas.com\/#website"},"primaryImageOfPage":{"@id":"https:\/\/jfnavas.com\/#primaryimage"},"image":{"@id":"https:\/\/jfnavas.com\/#primaryimage"},"thumbnailUrl":"https:\/\/jfnavas.com\/wp-content\/uploads\/2025\/07\/33-1024x758.jpg","datePublished":"2025-07-29T09:58:14+00:00","dateModified":"2025-07-30T07:11:50+00:00","breadcrumb":{"@id":"https:\/\/jfnavas.com\/#breadcrumb"},"inLanguage":"en-GB","potentialAction":[{"@type":"ReadAction","target":["https:\/\/jfnavas.com\/"]}]},{"@type":"ImageObject","inLanguage":"en-GB","@id":"https:\/\/jfnavas.com\/#primaryimage","url":"https:\/\/jfnavas.com\/wp-content\/uploads\/2025\/07\/33-1024x758.jpg","contentUrl":"https:\/\/jfnavas.com\/wp-content\/uploads\/2025\/07\/33-1024x758.jpg"},{"@type":"BreadcrumbList","@id":"https:\/\/jfnavas.com\/#breadcrumb","itemListElement":[{"@type":"ListItem","position":1,"name":"Portada","item":"https:\/\/jfnavas.com\/"},{"@type":"ListItem","position":2,"name":"Inicio"}]},{"@type":"WebSite","@id":"https:\/\/jfnavas.com\/#website","url":"https:\/\/jfnavas.com\/","name":"J.F. NAVAS SATO","description":"SERVICIO TECNICO OFICIAL DE VARIAS MARCAS DE CALDERAS","publisher":{"@id":"https:\/\/jfnavas.com\/#organization"},"potentialAction":[{"@type":"SearchAction","target":{"@type":"EntryPoint","urlTemplate":"https:\/\/jfnavas.com\/?s={search_term_string}"},"query-input":{"@type":"PropertyValueSpecification","valueRequired":true,"valueName":"search_term_string"}}],"inLanguage":"en-GB"},{"@type":"Organization","@id":"https:\/\/jfnavas.com\/#organization","name":"J.F. NAVAS SATO","url":"https:\/\/jfnavas.com\/","logo":{"@type":"ImageObject","inLanguage":"en-GB","@id":"https:\/\/jfnavas.com\/#\/schema\/logo\/image\/","url":"https:\/\/jfnavas.com\/wp-content\/uploads\/2025\/07\/cropped-Amaya-Castresana-1.png","contentUrl":"https:\/\/jfnavas.com\/wp-content\/uploads\/2025\/07\/cropped-Amaya-Castresana-1.png","width":378,"height":100,"caption":"J.F. NAVAS SATO"},"image":{"@id":"https:\/\/jfnavas.com\/#\/schema\/logo\/image\/"}}]}},"_links":{"self":[{"href":"https:\/\/jfnavas.com\/en\/wp-json\/wp\/v2\/pages\/16","targetHints":{"allow":["GET"]}}],"collection":[{"href":"https:\/\/jfnavas.com\/en\/wp-json\/wp\/v2\/pages"}],"about":[{"href":"https:\/\/jfnavas.com\/en\/wp-json\/wp\/v2\/types\/page"}],"author":[{"embeddable":true,"href":"https:\/\/jfnavas.com\/en\/wp-json\/wp\/v2\/users\/1"}],"replies":[{"embeddable":true,"href":"https:\/\/jfnavas.com\/en\/wp-json\/wp\/v2\/comments?post=16"}],"version-history":[{"count":46,"href":"https:\/\/jfnavas.com\/en\/wp-json\/wp\/v2\/pages\/16\/revisions"}],"predecessor-version":[{"id":299,"href":"https:\/\/jfnavas.com\/en\/wp-json\/wp\/v2\/pages\/16\/revisions\/299"}],"wp:attachment":[{"href":"https:\/\/jfnavas.com\/en\/wp-json\/wp\/v2\/media?parent=16"}],"curies":[{"name":"wp","href":"https:\/\/api.w.org\/{rel}","templated":true}]}}